{"id":1778,"date":"2022-12-13T08:53:48","date_gmt":"2022-12-13T08:53:48","guid":{"rendered":"http:\/\/teologiaiforum.ujs.sk\/szerkesztoseg\/"},"modified":"2025-10-07T14:08:48","modified_gmt":"2025-10-07T14:08:48","slug":"szerkesztoseg","status":"publish","type":"page","link":"https:\/\/teologiaiforum.ujs.sk\/sk\/szerkesztoseg\/","title":{"rendered":"Redak\u010dn\u00e1 rada"},"content":{"rendered":"<header class=\"entry-header\">\n<h2 class=\"entry-header\">Po\u0161tov\u00e1 adresa redakcie<\/h2>\n<h2 class=\"entry-header\"><strong>Bratislavsk\u00e1 cesta 3322, 945 01, Kom\u00e1rno<\/strong><\/h2>\n<h2 class=\"entry-header\"><strong>P.O. Box 54, Kom\u00e1rno, 945 01, Kom\u00e1rno<\/strong><\/h2>\n<h2 class=\"entry-header\"><strong>Mail:\u00a0teologiaiforum@ujs.sk; rtk@ujs.sk , tel.: +421 35 32 60 656<\/strong><\/h2>\n<header><\/header>\n<header><\/header>\n<header><\/header>\n<header><\/header>\n<h4 class=\"entry-header\"><em><strong>Zodpovedn\u00fd redaktor: <\/strong><\/em><strong>Doc.<\/strong> <strong>ThDr. Alfr\u00e9d Somogyi, PhD., <\/strong><strong>Universita J. Selyeho <\/strong><strong>Reformovan\u00e1 Teologick\u00e1 Fakulta, Kom\u00e1rno. <\/strong><strong>\u00a0<a href=\"https:\/\/www.ujs.sk\/hu\/alkalmazottak\/54-reformatus-teologiai-kar\/5105-thdr-alfred-somogyi-phd.html\">https:\/\/www.ujs.sk\/hu\/alkalmazottak\/54-reformatus-teologiai-kar\/5105-thdr-alfred-somogyi-phd.html<\/a><\/strong><\/h4>\n<h4 class=\"entry-header\"><strong><em>Predseda redak\u010dnej rady<\/em>: <\/strong><strong>Doc.\u00a0<\/strong><strong>ThDr <\/strong><strong>Attila L\u00e9vai, PhD,\u00a0<\/strong><strong>Riadite\u013e CJTA<\/strong><strong>;\u00a0<\/strong><strong>Prodekan, <\/strong><strong>Universita J. Selyeho <\/strong><strong>Reformovan\u00e1 Teologick\u00e1 Fakulta, Kom\u00e1rno.<\/strong>\u00a0Mail: <a href=\"mailto:levaia@ujs.sk\">levaia@ujs.sk<\/a>, tel.: +421 35 32 60 657 <a href=\"https:\/\/www.ujs.sk\/hu\/alkalmazottak\/54-reformatus-teologiai-kar\/5102-mgr-attila-levai-phd.html\">https:\/\/www.ujs.sk\/hu\/alkalmazottak\/54-reformatus-teologiai-kar\/5102-mgr-attila-levai-phd.html<\/a><\/h4>\n<h3>Eviden\u010dn\u00e9 \u010d\u00edslo: EV 5618\/18<br \/>\nISSN 13376519<\/h3>\n<h1>Redakcia<\/h1>\n<p><strong>Doc.<\/strong> <strong>ThDr. Alfr\u00e9d Somogyi, PhD.<\/strong>, Universita J. Selyeho Reformovan\u00e1 Teologick\u00e1 Fakulta, Kom\u00e1rno. Mail: somogyia@ujs.sk, tel.: +421 35 32 60 656 <a href=\"https:\/\/www.ujs.sk\/hu\/alkalmazottak\/54-reformatus-teologiai-kar\/5105-thdr-alfred-somogyi-phd.html\">https:\/\/www.ujs.sk\/hu\/alkalmazottak\/54-reformatus-teologiai-kar\/5105-thdr-alfred-somogyi-phd.html<\/a><\/p>\n<p><strong>Prof. Gy\u00f6rgy B\u00e1ndy<\/strong>. Katedra Starej zmluvy, Evanjelick\u00e1 bohosloveck\u00e1 fakulta UK. <a href=\"https:\/\/www.osobnosti.sk\/osobnost\/juraj-bandy-757\">https:\/\/www.osobnosti.sk\/osobnost\/juraj-bandy-757<\/a><\/p>\n<p><strong>Mgr.<\/strong> <strong>Zsolt Czinke, PhD.\u00a0<\/strong>tajomn\u00edk CJTA, hlavn\u00fd knihovn\u00edk<strong>. <\/strong>E-mail: <a href=\"mailto:czinke@refteologia.sk\">czinke@refteologia.sk<\/a>, Mobile: 00421\/(0)905\/866-076<\/p>\n<p><strong>Mgr.<\/strong> <strong>Zsolt G\u00f6r\u00f6zdi, PhD.\u00a0<\/strong>Ved\u00faci katedry, Universita J. Selyeho Reformovan\u00e1 Teologick\u00e1 Fakulta, Kom\u00e1rno. Mail: gorozdiz@ujs.sk. Tel.: +421 35 32 60 656 <a href=\"https:\/\/www.ujs.sk\/hu\/alkalmazottak\/54-reformatus-teologiai-kar\/5114-mgr-zsolt-goeroezdi-phd.html\">https:\/\/www.ujs.sk\/hu\/alkalmazottak\/54-reformatus-teologiai-kar\/5114-mgr-zsolt-goeroezdi-phd.html<\/a><\/p>\n<p><strong>Mgr.<\/strong> <strong>Katalin P\u00f3lya, PhD.<\/strong> Reformovan\u00e1 kres\u0165ansk\u00e1 cirkev na Slovensku<\/p>\n<p><strong>ThDr. Lilla Sz\u00e9n\u00e1si, PhD.\u00a0<\/strong>Prodekanka, Universita J. Selyeho Reformovan\u00e1 Teologick\u00e1 Fakulta, Kom\u00e1rno. <a href=\"mailto:szenasil@ujs.sk\">szenasil@ujs.sk <\/a><a href=\"https:\/\/www.ujs.sk\/hu\/alkalmazottak\/54-reformatus-teologiai-kar\/6117-thdr-lilla-szenasi-phd.html\">https:\/\/www.ujs.sk\/hu\/alkalmazottak\/54-reformatus-teologiai-kar\/6117-thdr-lilla-szenasi-phd.html<\/a><\/p>\n<h1>Redak\u010dn\u00e1 Rada<\/h1>\n<p><em><strong>Predseda:<\/strong><\/em><\/p>\n<p><strong>Doc.<\/strong> <strong>Attila L\u00e9vai, PhD<\/strong>. Mail: <a href=\"mailto:levaia@ujs.sk\">levaia@ujs.sk<\/a>, tel.: +421 35 32 60 657 <a href=\"https:\/\/www.ujs.sk\/hu\/alkalmazottak\/54-reformatus-teologiai-kar\/5102-mgr-attila-levai-phd.html\">https:\/\/www.ujs.sk\/hu\/alkalmazottak\/54-reformatus-teologiai-kar\/5102-mgr-attila-levai-phd.html<\/a><\/p>\n<p><em><strong>\u010clenovia:<\/strong><\/em><\/p>\n<p><strong>Prof. Dr. Istv\u00e1n Czachesz. PhD.\u00a0 <\/strong>Univerzita UiT The Arctic University of Norway, Katedra archeol\u00f3gie, hist\u00f3rie, religionistiky a\u00a0teol\u00f3gie, <a href=\"mailto:istvan.czachesz@uit.no\">istvan.czachesz@uit.no<\/a><a href=\"tel:+4777646760\"> +47 77 64 67 60 <\/a><\/p>\n<p><strong>Dr. Andr\u00e1s D\u00f6b\u00f6r. PhD. <\/strong>Univerzita Juh\u00e1sza Gyulu v Szegede, Pedagogick\u00e1 fakulta. Dekan, prodekan, docent \u00dastavu odborn\u00e9ho vzdel\u00e1vania, vzdel\u00e1vania dospel\u00fdch a znalostn\u00e9ho mana\u017ementu. Tel: +3662546248. E-mail: dobor@jgypk.szte.hu. <u>https:\/\/www.jgypk.u-szeged.hu\/muvelodestudomanyi\/oraadok\/dobor-andras-dr<\/u><\/p>\n<p><strong>Prof. Matthew Daniel Eddy. PhD. \u00a0\u00a0<\/strong>Durhamsk\u00e1 univerzita, Spojen\u00e9 kr\u00e1\u013eovstvo. Profesor \/ Katedra dej\u00edn a filozofie vedy Spoluriadite\u013e \/ \u00dastav stredovek\u00fdch a ranonovovek\u00fdch \u0161t\u00fadi\u00ed. <u><a href=\"https:\/\/www.durham.ac.uk\/staff\/m-d-eddy\/\">https:\/\/www.durham.ac.uk\/staff\/m-d-eddy\/<\/a><\/u><\/p>\n<p><strong>Prof. Dr. Berhard Kaiser Dr. habil, D.Th. <\/strong>In\u0161tit\u00fat pre reforma\u010dn\u00fa teol\u00f3giu, Reiskirchen, Nemecko. e-mail: info@irt-ggmbh.de, tel.\/fax: 06408-965040, mobil: D: +(0)170-9005309, mobil: +421-(0)904-307112 <u><a href=\"https:\/\/www.irt-ggmbh.de\/?ngt=w7e2c0a0e2b0eea61302712334611817\">https:\/\/www.irt-ggmbh.de\/?ngt=w7e2c0a0e2b0eea61302712334611817<\/a><\/u><\/p>\n<p><strong>Prof. Dr. Istv\u00e1n Karasszon. ThDr. <\/strong>ved\u00faci katedry, Univerzita J. Selyeho, Reformovan\u00e1 teologick\u00e1 fakulta, Kom\u00e1rno. Mail: karasszoni@ujs.sk. Tel: +421 35 32 60 656 <u><a href=\"https:\/\/www.ujs.sk\/hu\/alkalmazottak\/54-reformatus-teologiai-kar\/5084-prof-thdr-istvan-karasszon-phd.html\">https:\/\/www.ujs.sk\/hu\/alkalmazottak\/54-reformatus-teologiai-kar\/5084-prof-thdr-istvan-karasszon-phd.html<\/a><\/u><\/p>\n<p><strong>Prof. Dr. Vilmos J\u00f3zsef Kolumb\u00e1n. PhD.<\/strong> Protestansk\u00fd teologick\u00fd in\u0161tit\u00fat v Kluj-Napoca. Mail: vkolumban@proteo.cj.edu.ro, tel(m): +4(0)744581289 <u><a href=\"https:\/\/proteo.cj.edu.ro\/hu\/szemelyek\/oktatok\/kolumban\/cv\">https:\/\/proteo.cj.edu.ro\/hu\/szemelyek\/oktatok\/kolumban\/cv<\/a><\/u><\/p>\n<p><strong>Prof. Dr. habil. \u00c1brah\u00e1m Kov\u00e1cs, PhD. <\/strong>Reformovan\u00e1 teologick\u00e1 Univerzita v Debrec\u00edne, Debrec\u00edn. Mail:<u><a href=\"mailto:kovacs.abraham@drhe.hu\">kovacs.abraham@drhe.hu<\/a><\/u> , tel.: +36 52 518573 <u><a href=\"https:\/\/www.drhe.hu\/hu\/users\/dr-kovacs-abraham\">https:\/\/www.drhe.hu\/hu\/users\/dr-kovacs-abraham<\/a><\/u><\/p>\n<p><strong>Prof. Dr. h. c. Peter K\u00f3nya, PhD. <\/strong>Filozofick\u00e1 fakulta Pre\u0161ovskej univerzity v Pre\u0161ove. <a href=\"mailto:peter.konya@unipo.sk\">peter.konya@unipo.sk<\/a> tel: +421 51 75 63 101, +421 51 75 63 112.<\/p>\n<p><strong>Prof. Dr. Olga Luk\u00e1cs, PhD. <\/strong>Univerzita Babe\u0219-Bolyai, Fakulta reformovanej pedagogiky, Cluj-Napoca. Mail. lukacso@yahoo.de <u><a href=\"https:\/\/rt.ubbcluj.ro\/lukacs-olga\/\">https:\/\/rt.ubbcluj.ro\/lukacs-olga\/<\/a><\/u><\/p>\n<p><strong>Prof. Dr. Theol. J\u00f3zsef P\u00e1lfi, PhD. <\/strong>Partium Christian University, Oradea. Mail: palfi.jozsef@partium.ro <u><a href=\"https:\/\/htt.partium.ro\/hu\/oktatok\/palfi-jozsef-dr-theol\">https:\/\/htt.partium.ro\/hu\/oktatok\/palfi-jozsef-dr-theol<\/a><\/u><\/p>\n<p><strong>PaedDr. Pethe\u0151 Attila, PhD.<\/strong> Selye J\u00e1nos University, Faculty of Reformed Theology, Kom\u00e1rno <a href=\"https:\/\/www.ujs.sk\/hu\/alkalmazottak\/6169\">https:\/\/www.ujs.sk\/hu\/alkalmazottak\/6169<\/a><\/p>\n<p><strong>Prof. Dr. Jerry Pillay. PhD.\u00a0 B\u00fdval\u00fd <\/strong>dekan Fakulty teol\u00f3gie a n\u00e1bo\u017eenstva na Pret\u00f3rijskej univerzite v Ju\u017enej Afrike. Telef\u00f3n:\u00a0 +(0)12 420 3157, fax: +27 (0)12 420 4016, e-mail<a href=\"https:\/\/www.up.ac.za\/faculty-of-theology-and-religion\/article\/33401\/office-of-the-dean\">: https:\/\/www.up.ac.za\/faculty-of-theology-and-religion\/article\/33401\/office-of-the-dean <\/a><a href=\"mailto:jerry.pillay@up.ac.za\">jerry.pillay@up.ac.za<\/a><\/p>\n<p><strong>Prof. Dr. Scott Spurlock. PhD.\u00a0 <\/strong>University of Glasgow, \u0160k\u00f3tsko. Profesor \u0161k\u00f3tskeho a ranonovovek\u00e9ho kres\u0165anstva (teol\u00f3gia a religionistika), telef\u00f3n: 4990, e-mail: Mgr: Scott.Spurlock@glasgow.ac.uk <u><a href=\"https:\/\/www.gla.ac.uk\/schools\/critical\/staff\/scottspurlock\/\">https:\/\/www.gla.ac.uk\/schools\/critical\/staff\/scottspurlock\/<\/a><\/u><\/p>\n<p><strong>Mgr. T\u00f6m\u00f6sk\u00f6zi Ferenc, PhD.<\/strong> Selye J\u00e1nos University, Faculty of Reformed Theology, Kom\u00e1rno <a href=\"https:\/\/www.ujs.sk\/hu\/alkalmazottak\/5768\">https:\/\/www.ujs.sk\/hu\/alkalmazottak\/5768<\/a><\/p>\n<p><strong>Prof. Dr. Won-Mo Shu, PhD. <\/strong>\u00a0profesor historickej teol\u00f3gie, Presbyteri\u00e1nska univerzita a teologick\u00fd semin\u00e1r, Ju\u017en\u00e1 K\u00f3rea. E-mail: Mgr: <u><a href=\"http:\/\/www.puts.ac.kr\/www\/main\/eng\/_Sub\/sub-04-01.asp\">.ac.kr\/www\/main\/eng\/_Sub\/sub-04-01.asp<\/a><\/u><\/p>\n<\/header>\n","protected":false},"excerpt":{"rendered":"<p>Po\u0161tov\u00e1 adresa redakcie Bratislavsk\u00e1 cesta 3322, 945 01, Kom\u00e1rno P.O. Box 54, Kom\u00e1rno, 945 01, Kom\u00e1rno Mail:\u00a0teologiaiforum@ujs.sk; rtk@ujs.sk , tel.: +421 35 32 60 656 Zodpovedn\u00fd redaktor:&#8230; <\/p>\n","protected":false},"author":2,"featured_media":0,"parent":0,"menu_order":0,"comment_status":"closed","ping_status":"closed","template":"","meta":{"footnotes":""},"class_list":["post-1778","page","type-page","status-publish","hentry"],"_links":{"self":[{"href":"https:\/\/teologiaiforum.ujs.sk\/sk\/wp-json\/wp\/v2\/pages\/1778","targetHints":{"allow":["GET"]}}],"collection":[{"href":"https:\/\/teologiaiforum.ujs.sk\/sk\/wp-json\/wp\/v2\/pages"}],"about":[{"href":"https:\/\/teologiaiforum.ujs.sk\/sk\/wp-json\/wp\/v2\/types\/page"}],"author":[{"embeddable":true,"href":"https:\/\/teologiaiforum.ujs.sk\/sk\/wp-json\/wp\/v2\/users\/2"}],"replies":[{"embeddable":true,"href":"https:\/\/teologiaiforum.ujs.sk\/sk\/wp-json\/wp\/v2\/comments?post=1778"}],"version-history":[{"count":11,"href":"https:\/\/teologiaiforum.ujs.sk\/sk\/wp-json\/wp\/v2\/pages\/1778\/revisions"}],"predecessor-version":[{"id":2648,"href":"https:\/\/teologiaiforum.ujs.sk\/sk\/wp-json\/wp\/v2\/pages\/1778\/revisions\/2648"}],"wp:attachment":[{"href":"https:\/\/teologiaiforum.ujs.sk\/sk\/wp-json\/wp\/v2\/media?parent=1778"}],"curies":[{"name":"wp","href":"https:\/\/api.w.org\/{rel}","templated":true}]}}