{"id":1777,"date":"2022-12-13T09:00:09","date_gmt":"2022-12-13T09:00:09","guid":{"rendered":"http:\/\/teologiaiforum.ujs.sk\/rolunk\/"},"modified":"2026-01-16T10:54:00","modified_gmt":"2026-01-16T10:54:00","slug":"rolunk","status":"publish","type":"page","link":"https:\/\/teologiaiforum.ujs.sk\/sk\/rolunk\/","title":{"rendered":"O n\u00e1s"},"content":{"rendered":"<p>&nbsp;<\/p>\n<p><em>Teol\u00f3giai F\u00f3rum<\/em>, vedeck\u00fd \u010dasopis Reformovanej teologickej fakulty Univerzity J. Selyeho, uverej\u0148uje odborn\u00e9 \u010dl\u00e1nky zo v\u0161etk\u00fdch oblast\u00ed teol\u00f3gie. Tieto \u010dl\u00e1nky podliehaj\u00fa dvojito prekr\u00ed\u017een\u00e9mu recenzn\u00e9mu konaniu. Do roku 2023 p\u00f4sobila ako vydavate\u013e \u010dasopisu <em>Teol\u00f3giai F\u00f3rum <\/em>Teologick\u00fd in\u0161tit\u00fat J. Calvina (TIJC). Za predplatn\u00e9 \u010dasopisu a riadenie v\u0161etk\u00fdch \u00faloh spojen\u00fdch s vyd\u00e1van\u00edm a veden\u00edm vedeck\u00e9ho \u010dasopisu bol zodpovedn\u00fd Vedeck\u00fd in\u0161tit\u00fat Reformovanej kres\u0165anskej cirkvi na Slovensku. Od roku 2024 prevezme \u00falohu vydavate\u013ea Reformovan\u00e1 teologick\u00e1 fakulta Univerzity J. Selyeho. Teologick\u00fd in\u0161tit\u00fat J. Calvina u\u017e dvadsa\u0165 rokov poskytuje Reformovanej teologickej fakulte Univerzity J. Selyeho v\u0161estrann\u00fa podporu vr\u00e1tane organizovania spolo\u010dn\u00fdch konferenci\u00ed, vyd\u00e1vania vedeck\u00fdch publik\u00e1ci\u00ed, zborn\u00edkov, \u0161t\u00fadi\u00ed a monografi\u00ed. Reformovan\u00e1 teologick\u00e1 fakulta u\u017e dve desa\u0165ro\u010dia vykon\u00e1va svoju \u010dinnos\u0165 s odbornou podporou TIJC a toto ned\u00e1vne rozhodnutie sved\u010d\u00ed o posilnen\u00ed fakulty. Reformovan\u00e1 teologick\u00e1 fakulta Univerzity J. Selyeho z\u00edskala vedeck\u00fd \u010dasopis, ktor\u00fd je u\u017e dobre etablovan\u00fd a zn\u00e1my v odbornej verejnosti a ktor\u00fd vydal u\u017e svoj predch\u00e1dzaj\u00faci 17. zv\u00e4zok. Kontinuita pr\u00e1v je zabezpe\u010den\u00e1 a administrat\u00edvna zmena sa nedotkne na\u0161ich autorov ani \u010ditate\u013eov.<\/p>\n<p>\u010casopis je prostriedkom na publikovanie vedeck\u00fdch \u010dl\u00e1nkov a recenzi\u00ed kn\u00edh s osobitn\u00fdm d\u00f4razom na interdisciplin\u00e1rne \u0161t\u00fadie. Zna\u010dn\u00e1 \u010das\u0165 \u010dl\u00e1nkov je publikovan\u00e1 v cudz\u00edch jazykoch, \u010d\u00edm sa zabezpe\u010duje pr\u00edstupnos\u0165 \u0161irokej medzin\u00e1rodnej \u010ditate\u013eskej verejnosti. Ku ka\u017ed\u00e9mu \u010dl\u00e1nku je pripojen\u00fd abstrakt v\u00a0anglickom jazyku a minim\u00e1lne p\u00e4\u0165 k\u013e\u00fa\u010dov\u00fdch slov, taktie\u017e v\u00a0cudzej re\u010di, v\u00a0anglickom jazyku. \u0160trukt\u00fara \u010dasopisu je usporiadan\u00e1 do samostatn\u00fdch sekci\u00ed, vr\u00e1tane \u0161t\u00fadi\u00ed a \u010dl\u00e1nkov, kn\u00edh a recenzi\u00ed, ktor\u00e9 s\u00fa zoskupen\u00e9 pod\u013ea odborov.<\/p>\n<p>Redak\u010dn\u00e1 prax a akademick\u00e1 orient\u00e1cia \u010dasopisu jasne sp\u013a\u0148aj\u00fa o\u010dak\u00e1vania eur\u00f3pskej akademickej a vedeckej obce. \u010clenmi redak\u010dnej rady s\u00fa v\u00fdskumn\u00edci a pedag\u00f3govia p\u00f4sobiaci v eur\u00f3pskych vysoko\u0161kolsk\u00fdch a v\u00fdskumn\u00fdch in\u0161tit\u00faci\u00e1ch, ktor\u00ed sa akt\u00edvne podie\u013eaj\u00fa na medzin\u00e1rodnom v\u00fdskume v oblasti teol\u00f3gie a religionistiky. \u010casopis Teol\u00f3giai F\u00f3rum pravidelne zverej\u0148uje \u0161t\u00fadie autorov ktor\u00ed zastupuj\u00fa eur\u00f3pske teologick\u00e9\u00e1 vedeck\u00e9 in\u0161tit\u00facie, \u010d\u00edm podporuje vidite\u013enos\u0165 a \u0161\u00edrenie v\u00fdsledkov eur\u00f3pskeho akademick\u00e9ho v\u00fdskumu. Zaradenie n\u00e1\u0161ho \u010dasopisu do datab\u00e1zy Erich+ iniciovali na\u0161i dom\u00e1ce a zahrani\u010dn\u00e9 autori s eur\u00f3pskym in\u0161titucion\u00e1lnym z\u00e1zem\u00edm, \u010do sved\u010d\u00ed o tom, \u017ee n\u00e1\u0161 vedeck\u00fd\u00a0\u010dasopis bude pr\u00edytomn\u00fd dlhodobo na medzin\u00e1rodnej akademickej p\u00f4de. Jeho tematick\u00e9 zameranie pokr\u00fdva ot\u00e1zky relevantn\u00e9 pre eur\u00f3psku akademick\u00fa obec, s osobitn\u00fdm zrete\u013eom na v\u00fdskum eur\u00f3pskych kres\u0165ansk\u00fdch trad\u00edci\u00ed, historick\u00fdch a s\u00fa\u010dasn\u00fdch teologick\u00fdch diskurzov a interakci\u00ed medzi cirkvou, spolo\u010dnos\u0165ou a kult\u00farou. Otvorenos\u0165, ekumenick\u00fd postoj a interdisciplinarita\u00a0\u010dasopisu prispieva\u00a0<span id=\"OBJ_PREFIX_DWT361_com_zimbra_date\" class=\"Object\" role=\"link\"><span id=\"OBJ_PREFIX_DWT390_com_zimbra_date\" class=\"Object\" role=\"link\">k<\/span><\/span>\u00a0dial\u00f3gu medzi r\u00f4znymi vedeck\u00fdmi oblas\u0165ami a podporuje posil\u0148ovanie eur\u00f3pskej vedeckej spolupr\u00e1ce.<\/p>\n<p>\u010casopis zah\u0155\u0148a vedeck\u00e9 pr\u00e1ce zo z\u00e1kladn\u00fdch oblast\u00ed teol\u00f3gie vr\u00e1tane biblickej teol\u00f3gie, dogmatiky, etiky, liturgie, patristiky, katech\u00e9zy, filozofie n\u00e1bo\u017eenstva, cirkevn\u00fdch dej\u00edn, cirkevnej hudby, hymnol\u00f3gie, diakonie a soci\u00e1lnej pr\u00e1ce. Poskytuje tie\u017e priestor pre zverejnenie kvalitn\u00fdch interdisciplin\u00e1rnych \u0161t\u00fadi\u00ed. V s\u00falade so zau\u017e\u00edvanou praxou in\u00fdch v\u00fdznamn\u00fdch publik\u00e1ci\u00ed je vy\u010dlenen\u00e1 osobitn\u00e1 rubrika na recenzie kn\u00edh, \u010d\u00edm sa u\u013eah\u010duje \u0161\u00edrenie v\u00fdznamn\u00fdch najnov\u0161\u00edch pokrokov v oblasti teol\u00f3gie a cirkevn\u00fdch dej\u00edn. Etick\u00e9 smernice \u010dasopisu v spojen\u00ed so spolo\u010dn\u00fdm \u00fasil\u00edm redaktorov, autorov a korektorov s\u00fa zalo\u017een\u00e9 na princ\u00edpoch transparentnosti, nez\u00e1vislosti a d\u00f4veryhodnosti. Predlo\u017een\u00e9 rukopisy sa podrobuj\u00fa dvojito nez\u00e1visle hodnotiacemu recenzn\u00e9mu konaniu. \u010casopis Teol\u00f3giai F\u00f3rum nevyber\u00e1 od autorov \u017eiadne poplatky, napriek tomu v\u0161ak autorom za uverejnenie ich \u010dl\u00e1nkov nevypl\u00e1ca odmenu. \u010casopis negeneruje pr\u00edjmy z reklamy ani z predplatn\u00e9ho.<\/p>\n<p>Redak\u010dn\u00e1 z\u00e1sada je, \u017ee veda nem\u00e1 svoj jazy\u00ed<span id=\"OBJ_PREFIX_DWT362_com_zimbra_date\" class=\"Object\" role=\"link\"><span id=\"OBJ_PREFIX_DWT391_com_zimbra_date\" class=\"Object\" role=\"link\">k<\/span><\/span>, m\u00e1 len kvalitu, a preto Teol\u00f3giai F\u00f3rum publikuje \u0161t\u00fadie nielen vo svetov\u00fdch jazykoch, ale aj v eur\u00f3pskych a stredoeur\u00f3pskych jazykoch, \u010d\u00edm posil\u0148uje prax eur\u00f3pskej rozmanitosti. Publik\u00e1cie v \u010dasopise je mo\u017en\u00e9 zasiela\u0165 v anglickom, v nemeckom, v ma\u010farskom, v slovenskom a v \u010deskom jazyku.<\/p>\n<p><strong>Politika otvoren\u00e9ho pr\u00edstupu<\/strong><\/p>\n<p>\u010casopis poskytuje okam\u017eit\u00fd a otvoren\u00fd pr\u00edstup k svojmu obsahu na z\u00e1klade z\u00e1sady, \u017ee vo\u013en\u00fd pr\u00edstup k v\u00fdskumu podporuje z\u00edskavanie poznatkov \u0161irokou verejnos\u0165ou. V\u0161etok obsah je bezplatne k dispoz\u00edcii jednotliv\u00fdm pou\u017e\u00edvate\u013eom alebo in\u0161tit\u00faci\u00e1m. Pou\u017e\u00edvatelia m\u00f4\u017eu \u010d\u00edta\u0165, s\u0165ahova\u0165, kop\u00edrova\u0165, distribuova\u0165, tla\u010di\u0165, vyh\u013ead\u00e1va\u0165, odkazova\u0165 na\u0148 alebo pou\u017e\u00edva\u0165 pln\u00fd text \u010dl\u00e1nku na ak\u00fdko\u013evek in\u00fd z\u00e1konn\u00fd \u00fa\u010del bez predch\u00e1dzaj\u00faceho s\u00fahlasu vydavate\u013ea alebo autora.\u00a0 \u010cl\u00e1nky citujte v tomto form\u00e1te: autor(i), n\u00e1zov, <em>Teol\u00f3giai F\u00f3rum <\/em>rok\/\u010d\u00edslo, strany.<\/p>\n","protected":false},"excerpt":{"rendered":"<p>&nbsp; Teol\u00f3giai F\u00f3rum, vedeck\u00fd \u010dasopis Reformovanej teologickej fakulty Univerzity J. Selyeho, uverej\u0148uje odborn\u00e9 \u010dl\u00e1nky zo v\u0161etk\u00fdch oblast\u00ed teol\u00f3gie. Tieto \u010dl\u00e1nky podliehaj\u00fa dvojito prekr\u00ed\u017een\u00e9mu recenzn\u00e9mu konaniu. Do roku&#8230; <\/p>\n","protected":false},"author":2,"featured_media":0,"parent":0,"menu_order":0,"comment_status":"closed","ping_status":"closed","template":"","meta":{"footnotes":""},"class_list":["post-1777","page","type-page","status-publish","hentry"],"_links":{"self":[{"href":"https:\/\/teologiaiforum.ujs.sk\/sk\/wp-json\/wp\/v2\/pages\/1777","targetHints":{"allow":["GET"]}}],"collection":[{"href":"https:\/\/teologiaiforum.ujs.sk\/sk\/wp-json\/wp\/v2\/pages"}],"about":[{"href":"https:\/\/teologiaiforum.ujs.sk\/sk\/wp-json\/wp\/v2\/types\/page"}],"author":[{"embeddable":true,"href":"https:\/\/teologiaiforum.ujs.sk\/sk\/wp-json\/wp\/v2\/users\/2"}],"replies":[{"embeddable":true,"href":"https:\/\/teologiaiforum.ujs.sk\/sk\/wp-json\/wp\/v2\/comments?post=1777"}],"version-history":[{"count":7,"href":"https:\/\/teologiaiforum.ujs.sk\/sk\/wp-json\/wp\/v2\/pages\/1777\/revisions"}],"predecessor-version":[{"id":2764,"href":"https:\/\/teologiaiforum.ujs.sk\/sk\/wp-json\/wp\/v2\/pages\/1777\/revisions\/2764"}],"wp:attachment":[{"href":"https:\/\/teologiaiforum.ujs.sk\/sk\/wp-json\/wp\/v2\/media?parent=1777"}],"curies":[{"name":"wp","href":"https:\/\/api.w.org\/{rel}","templated":true}]}}