{"id":1775,"date":"2022-12-13T08:53:24","date_gmt":"2022-12-13T08:53:24","guid":{"rendered":"http:\/\/teologiaiforum.ujs.sk\/folyoirat\/"},"modified":"2025-10-03T10:03:51","modified_gmt":"2025-10-03T10:03:51","slug":"folyoirat","status":"publish","type":"page","link":"https:\/\/teologiaiforum.ujs.sk\/sk\/folyoirat\/","title":{"rendered":"TEOL\u00d3GIAI F\u00d3RUM"},"content":{"rendered":"<h3><em>Vydavate\u013e<\/em>: Reformovan\u00e1 teologick\u00e1 fakulta Univerzity J. Selyeho.<\/h3>\n<h3><em>Predseda redak\u010dnej rady<\/em>: doc. ThDr. L\u00e9vai Attila, PhD, prodekan RTF UJS<\/h3>\n<h3><em>Zodpovedn\u00fd redaktor<\/em>: doc. ThDr. Somogyi Alfr\u00e9d, PhD<\/h3>\n<h3><em>Po\u0161tov\u00e1 adresa redakcie<\/em>: Reformovan\u00e1 teologick\u00e1 fakulta UJS; Bratislavsk\u00e1 cesta 3322.; 945 01 Kom\u00e1rno<br \/>\nemail: teologiaiforum@ujs.sk; rtk@ujs.sk<\/h3>\n<h3>Registr\u00e1cia: EV 5618\/18<\/h3>\n<h2>ISSN 13376519<\/h2>\n","protected":false},"excerpt":{"rendered":"<p>Vydavate\u013e: Reformovan\u00e1 teologick\u00e1 fakulta Univerzity J. Selyeho. Predseda redak\u010dnej rady: doc. ThDr. L\u00e9vai Attila, PhD, prodekan RTF UJS Zodpovedn\u00fd redaktor: doc. ThDr. Somogyi Alfr\u00e9d, PhD Po\u0161tov\u00e1 adresa&#8230; <\/p>\n","protected":false},"author":2,"featured_media":0,"parent":0,"menu_order":0,"comment_status":"closed","ping_status":"closed","template":"","meta":{"footnotes":""},"class_list":["post-1775","page","type-page","status-publish","hentry"],"_links":{"self":[{"href":"https:\/\/teologiaiforum.ujs.sk\/sk\/wp-json\/wp\/v2\/pages\/1775","targetHints":{"allow":["GET"]}}],"collection":[{"href":"https:\/\/teologiaiforum.ujs.sk\/sk\/wp-json\/wp\/v2\/pages"}],"about":[{"href":"https:\/\/teologiaiforum.ujs.sk\/sk\/wp-json\/wp\/v2\/types\/page"}],"author":[{"embeddable":true,"href":"https:\/\/teologiaiforum.ujs.sk\/sk\/wp-json\/wp\/v2\/users\/2"}],"replies":[{"embeddable":true,"href":"https:\/\/teologiaiforum.ujs.sk\/sk\/wp-json\/wp\/v2\/comments?post=1775"}],"version-history":[{"count":6,"href":"https:\/\/teologiaiforum.ujs.sk\/sk\/wp-json\/wp\/v2\/pages\/1775\/revisions"}],"predecessor-version":[{"id":2642,"href":"https:\/\/teologiaiforum.ujs.sk\/sk\/wp-json\/wp\/v2\/pages\/1775\/revisions\/2642"}],"wp:attachment":[{"href":"https:\/\/teologiaiforum.ujs.sk\/sk\/wp-json\/wp\/v2\/media?parent=1775"}],"curies":[{"name":"wp","href":"https:\/\/api.w.org\/{rel}","templated":true}]}}