{"id":1774,"date":"2022-12-13T09:00:38","date_gmt":"2022-12-13T09:00:38","guid":{"rendered":"http:\/\/teologiaiforum.ujs.sk\/ertekelo-iranyelvek\/"},"modified":"2025-03-18T14:20:39","modified_gmt":"2025-03-18T14:20:39","slug":"ertekelo-iranyelvek","status":"publish","type":"page","link":"https:\/\/teologiaiforum.ujs.sk\/sk\/ertekelo-iranyelvek\/","title":{"rendered":"Pokyny pre hodnotenie"},"content":{"rendered":"<p><strong>Usmernenia pre \u00fapravu<\/strong><\/p>\n<p>\u010casopis vyu\u017e\u00edva syst\u00e9m dvojito prekr\u00ed\u017een\u00e9ho recenzovania, v r\u00e1mci ktor\u00e9ho rukopisy najprv hodnot\u00ed redak\u010dn\u00e1 rada a n\u00e1sledne ich \u0161\u00e9fredaktor posiela dvom nez\u00e1visl\u00fdm recenzentom. T\u00fdm sa zabezpe\u010d\u00ed, \u017ee autor(-i) nepoznaj\u00fa toto\u017enos\u0165 recenzentov a naopak, recenzenti nepoznaj\u00fa toto\u017enos\u0165 autora(-ov). Po skon\u010den\u00ed recenzn\u00e9ho konania redakcia poskytne autorovi \u010dl\u00e1nok aj pripomienky recenzentov. Recenzenti maj\u00fa tie\u017e mo\u017enos\u0165 uv\u00e1dza\u0165 pripomienky a n\u00e1vrhy v samotnom texte pomocou funkci\u00ed \u201esledovanie zmien\u201c a\/alebo \u201ekoment\u00e1re\u201c v programe MS Word. Potom m\u00f4\u017ee autor pod\u013ea potreby rukopis prepracova\u0165 a op\u00e4tovne ho predlo\u017ei\u0165. Redakcia si vyhradzuje pr\u00e1vo prija\u0165 kone\u010dn\u00e9 rozhodnutie o uverejnen\u00ed. Po d\u00f4kladnej korekt\u00fare sa \u010dl\u00e1nok bu\u010f prijme, alebo zamietne.<\/p>\n","protected":false},"excerpt":{"rendered":"<p>Usmernenia pre \u00fapravu \u010casopis vyu\u017e\u00edva syst\u00e9m dvojito prekr\u00ed\u017een\u00e9ho recenzovania, v r\u00e1mci ktor\u00e9ho rukopisy najprv hodnot\u00ed redak\u010dn\u00e1 rada a n\u00e1sledne ich \u0161\u00e9fredaktor posiela dvom nez\u00e1visl\u00fdm recenzentom. T\u00fdm sa&#8230; <\/p>\n","protected":false},"author":2,"featured_media":0,"parent":0,"menu_order":0,"comment_status":"closed","ping_status":"closed","template":"","meta":{"footnotes":""},"class_list":["post-1774","page","type-page","status-publish","hentry"],"_links":{"self":[{"href":"https:\/\/teologiaiforum.ujs.sk\/sk\/wp-json\/wp\/v2\/pages\/1774","targetHints":{"allow":["GET"]}}],"collection":[{"href":"https:\/\/teologiaiforum.ujs.sk\/sk\/wp-json\/wp\/v2\/pages"}],"about":[{"href":"https:\/\/teologiaiforum.ujs.sk\/sk\/wp-json\/wp\/v2\/types\/page"}],"author":[{"embeddable":true,"href":"https:\/\/teologiaiforum.ujs.sk\/sk\/wp-json\/wp\/v2\/users\/2"}],"replies":[{"embeddable":true,"href":"https:\/\/teologiaiforum.ujs.sk\/sk\/wp-json\/wp\/v2\/comments?post=1774"}],"version-history":[{"count":2,"href":"https:\/\/teologiaiforum.ujs.sk\/sk\/wp-json\/wp\/v2\/pages\/1774\/revisions"}],"predecessor-version":[{"id":2517,"href":"https:\/\/teologiaiforum.ujs.sk\/sk\/wp-json\/wp\/v2\/pages\/1774\/revisions\/2517"}],"wp:attachment":[{"href":"https:\/\/teologiaiforum.ujs.sk\/sk\/wp-json\/wp\/v2\/media?parent=1774"}],"curies":[{"name":"wp","href":"https:\/\/api.w.org\/{rel}","templated":true}]}}