{"id":1773,"date":"2022-12-13T09:01:15","date_gmt":"2022-12-13T09:01:15","guid":{"rendered":"http:\/\/teologiaiforum.ujs.sk\/benyujtasi-folyamat\/"},"modified":"2025-03-18T14:14:09","modified_gmt":"2025-03-18T14:14:09","slug":"benyujtasi-folyamat","status":"publish","type":"page","link":"https:\/\/teologiaiforum.ujs.sk\/sk\/benyujtasi-folyamat\/","title":{"rendered":"Proces predkladania"},"content":{"rendered":"<h3>Preh\u013ead<\/h3>\n<p>Autori s\u00fa vyz\u00fdvan\u00ed, aby predkladali origin\u00e1lne rukopisy online vo form\u00e1te uvedenom v pokynoch pre autorov. Tieto rukopisy nesm\u00fa by\u0165 posudzovan\u00e9 v inom \u010dasopise. Vydavate\u013estvo vyu\u017e\u00edva viacer\u00e9 komunika\u010dn\u00e9 kan\u00e1ly, ako s\u00fa e-mail, textov\u00e9 spr\u00e1vy a telefon\u00e1ty, so z\u00e1merom poskytova\u0165 autorom aktu\u00e1lne inform\u00e1cie o stave a \u017eiadosti o prijatie opatren\u00ed.<\/p>\n<h3>Postup zverej\u0148ovania<\/h3>\n<p>Po prijat\u00ed rukopisu na uverejnenie \u0161\u00e9fredaktorom ho redak\u010dn\u00fd t\u00edm priprav\u00ed na uverejnenie v tla\u010di a\/alebo online. Prv\u00fdm krokom je jazykov\u00e1 \u00faprava, po ktorej sa rukopis vr\u00e1ti kore\u0161ponduj\u00facemu autorovi na pos\u00fadenie. To predstavuje posledn\u00fa mo\u017enos\u0165 , aby autor vykonal textov\u00e9 zmeny v rukopise a predlo\u017eil revidovan\u00fa verziu. V z\u00e1vere\u010dnej f\u00e1ze redakcia za\u0161le autorovi korekt\u00faru. Autorovi sa potom poskytne lehota piatich pracovn\u00fdch dn\u00ed, po\u010das ktorej m\u00f4\u017ee ozna\u010di\u0165 a opravi\u0165 v\u0161etky typografick\u00e9 chyby zisten\u00e9 po\u010das korekt\u00fary. Ak autor nereaguje na \u017eiadosti o korekt\u00faru v stanovenej lehote, nemus\u00ed by\u0165 mo\u017en\u00e9 zapracova\u0165 jeho opravy do tla\u010denej verzie rukopisu. Po form\u00e1lnom odbornom pos\u00faden\u00ed m\u00f4\u017ee by\u0165 mnoho rukopisov predbe\u017ene prijat\u00fdch, k\u00fdm sa nedokon\u010dia men\u0161ie opravy. V tomto momente je autor povinn\u00fd predlo\u017ei\u0165 revidovan\u00fd rukopis. Redaktor potom odhadne potrebn\u00e9 rev\u00edzie s cie\u013eom dokon\u010di\u0165 ich do jedn\u00e9ho mesiaca.\u00a0 Redaktor po\u017eiada o rev\u00edzie e-mailom a poskytne pokyny, ako pripravi\u0165 revidovan\u00e9 podanie.<\/p>\n<p>Pri pr\u00edprave revidovanej verzie rukopisu je ve\u013emi d\u00f4le\u017eit\u00e9, aby ste pozorne dodr\u017eiavali pokyny uveden\u00e9 v liste editora a v pr\u00edpadn\u00fdch pripomienkach recenzentov.<\/p>\n<h3><em><strong>Rukopisy zasielajte na t\u00fato adresu<\/strong><\/em><\/h3>\n<p><strong>Bratislavsk\u00e1 cesta 3322, 945 01, Kom\u00e1rno<\/strong><\/p>\n<p><strong>P.O. Box 54, Kom\u00e1rno, 94501<\/strong><\/p>\n<p><strong>\u00a0Mail: <\/strong><strong><u>teologiaiforum@ujs.sk; rtk@ujs.sk <\/u><\/strong><strong>, tel.: +421 35 32 60\u00a0\u00a0<\/strong><\/p>\n<p><strong>D\u00e1tum vydania<\/strong><\/p>\n<p>Teol\u00f3giai F\u00f3rum vych\u00e1dza dvakr\u00e1t ro\u010dne, v\u017edy v j\u00fali a decembri. Uz\u00e1vierka pr\u00edspevkov pre prv\u00e9 \u010d\u00edslo je 1. marca a pre druh\u00e9 \u010d\u00edslo 1. septembra. O vyd\u00e1van\u00ed tematick\u00fdch \u010d\u00edsel Teol\u00f3giai F\u00f3rum rozhoduje redak\u010dn\u00e1 rada.<\/p>\n","protected":false},"excerpt":{"rendered":"<p>Preh\u013ead Autori s\u00fa vyz\u00fdvan\u00ed, aby predkladali origin\u00e1lne rukopisy online vo form\u00e1te uvedenom v pokynoch pre autorov. Tieto rukopisy nesm\u00fa by\u0165 posudzovan\u00e9 v inom \u010dasopise. Vydavate\u013estvo vyu\u017e\u00edva viacer\u00e9&#8230; <\/p>\n","protected":false},"author":2,"featured_media":0,"parent":0,"menu_order":0,"comment_status":"closed","ping_status":"closed","template":"","meta":{"footnotes":""},"class_list":["post-1773","page","type-page","status-publish","hentry"],"_links":{"self":[{"href":"https:\/\/teologiaiforum.ujs.sk\/sk\/wp-json\/wp\/v2\/pages\/1773","targetHints":{"allow":["GET"]}}],"collection":[{"href":"https:\/\/teologiaiforum.ujs.sk\/sk\/wp-json\/wp\/v2\/pages"}],"about":[{"href":"https:\/\/teologiaiforum.ujs.sk\/sk\/wp-json\/wp\/v2\/types\/page"}],"author":[{"embeddable":true,"href":"https:\/\/teologiaiforum.ujs.sk\/sk\/wp-json\/wp\/v2\/users\/2"}],"replies":[{"embeddable":true,"href":"https:\/\/teologiaiforum.ujs.sk\/sk\/wp-json\/wp\/v2\/comments?post=1773"}],"version-history":[{"count":3,"href":"https:\/\/teologiaiforum.ujs.sk\/sk\/wp-json\/wp\/v2\/pages\/1773\/revisions"}],"predecessor-version":[{"id":2514,"href":"https:\/\/teologiaiforum.ujs.sk\/sk\/wp-json\/wp\/v2\/pages\/1773\/revisions\/2514"}],"wp:attachment":[{"href":"https:\/\/teologiaiforum.ujs.sk\/sk\/wp-json\/wp\/v2\/media?parent=1773"}],"curies":[{"name":"wp","href":"https:\/\/api.w.org\/{rel}","templated":true}]}}