{"id":1722,"date":"2023-01-11T12:56:59","date_gmt":"2023-01-11T12:56:59","guid":{"rendered":"http:\/\/teologiaiforum.ujs.sk\/szerzoink\/"},"modified":"2026-01-15T12:10:12","modified_gmt":"2026-01-15T12:10:12","slug":"szerzoink","status":"publish","type":"page","link":"https:\/\/teologiaiforum.ujs.sk\/en\/szerzoink\/","title":{"rendered":"Our authors"},"content":{"rendered":"<p>&nbsp;<\/p>\n<p><strong>Andr\u00e1s Albert<\/strong>. Reformed Church in Hungary<\/p>\n<p><strong>J\u00e1nos Antal<\/strong>. Reformed Church in Romania<\/p>\n<p><strong>D\u00e1vid Balogh. <\/strong>K\u00e1roli G\u00e1sp\u00e1s Reformed University <u><a href=\"https:\/\/pk.kre.hu\/index.php\/balogh-david\">https:\/\/pk.kre.hu\/index.php\/balogh-david<\/a><\/u><\/p>\n<p><strong>Gy\u00f6rgy B\u00e1ndy<\/strong>. Evanjelick\u00e1 bohosloveck\u00e1 fakulta Univerzity Komensk\u00e9ho, Bratislava, Slovakia<\/p>\n<p><strong>Zolt\u00e1n Barta.<\/strong> Reformed Church in Hungary<\/p>\n<p><strong>Istv\u00e1n Batta<\/strong>. <strong>\u2020 <\/strong>Reformed Christian Church in Slovakia<\/p>\n<p><strong>Birk\u00e1s Antal.\u00a0\u00a0<a href=\"https:\/\/btk.kre.hu\/index.php\/birkas-antal\">https:\/\/btk.kre.hu\/index.php\/birkas-antal<\/a><\/strong><\/p>\n<p><strong>Gergely Bobvos. <\/strong>Reformed Christian Church in Hungary<\/p>\n<p><strong>Lajos Bodn\u00e1r.<\/strong>\u00a0 Reformed Church in Hungary<\/p>\n<p><strong>Bogn\u00e1rn\u00e9 Dr. Judit Kocsis. <\/strong>University of Pannonia, Faculty of Modern Philology and Social Sciences, Veszpr\u00e9m<\/p>\n<p><strong>B\u00e9la Boh\u00e1cs. \u2020 <\/strong>Gr\u00e9ckokatol\u00edcka theologick\u00e1 fakulta, Pre\u0161ovsk\u00e1 univerzita v Pre\u0161ove<\/p>\n<p><strong>Istv\u00e1n B\u00f6sz\u00f6rm\u00e9nyi. \u2020 <\/strong>Reformed Christian Church in Slovakia<\/p>\n<p><strong>Zsolt Buza. <\/strong>Reformed Christian Church in Slovakia<\/p>\n<p><strong>Dezs\u0151 Buzog\u00e1ny. <\/strong>Babe\u0219-Bolyai University, Department of Reformed Theology and Music, Cluj Napoca, Romania<\/p>\n<p><strong>G\u00e1bor Czag\u00e1ny.<\/strong> Reformed Church in Hungary<\/p>\n<p><strong>\u00c1gnes Czine. <\/strong>K\u00e1roli G\u00e1sp\u00e1s Reformed University <u><a href=\"https:\/\/doktori.hu\/index.php?menuid=192&amp;lang=HU&amp;sz_ID=11090\">https:\/\/doktori.hu\/index.php?menuid=192&amp;lang=HU&amp;sz_ID=11090<\/a><\/u><\/p>\n<p><strong>Zsolt Czinke. <\/strong>Reformed Christian Church in Slovakia<\/p>\n<p><strong>Bertalan Csapkovics. <\/strong>Reformed Church in Hungary<\/p>\n<p><strong>L\u00e1szl\u00f3 Cs\u00e9my.<\/strong> intellectual leisure activities, Czech Republic<\/p>\n<p><strong>Gy\u00f6rgy Cs\u00edk. <\/strong>J\u00e1nos Selye University, Kom\u00e1rno, Slovakia. Reformed Christian Church in Slovakia. <u><a href=\"https:\/\/www.ujs.sk\/hu\/alkalmazottak\/54-reformatus-teologiai-kar\/6551-mgr-gyoergy-csik-phd.html\">https:\/\/www.ujs.sk\/hu\/alkalmazottak\/54-reformatus-teologiai-kar\/6551-mgr-gyoergy-csik-phd.html<\/a><\/u><\/p>\n<p><strong>Aranka Csonth\u00f3.<\/strong> J\u00e1nos Selye University, Kom\u00e1rno, Slovakia. Reformed Christian Church in Slovakia.<\/p>\n<p><strong>Mikl\u00f3s Duray \u2020 <\/strong>publicist, politics, Nyugat-magyarorsz\u00e1gi Egyetem, Sopron<\/p>\n<p><strong>L\u00e1szl\u00f3 S\u00e1ndor Egresi. <\/strong>Reformed Church in Hungary<\/p>\n<p><strong>G\u00e9za Erd\u00e9lyi.<\/strong> Reformed Christian Church in Slovakia<\/p>\n<p><strong>P\u00e1l Erd\u00e9lyi<\/strong>. Reformed Christian Church in Slovakia<\/p>\n<p><strong>Istv\u00e1n Est\u00f3k.<\/strong> Reformed Church in Hungary<\/p>\n<p><strong>Istv\u00e1n Fazekas.<\/strong> Reformed Church in Hungary<\/p>\n<p><strong>Szilvia Fazekas. <\/strong>Reformed Christian Church in Slovakia<\/p>\n<p><strong>Ad\u00e9l Fazekas Kummer. <\/strong>J\u00e1nos Selye University, Kom\u00e1rno, Slovakia<\/p>\n<p><strong>K\u00e1roly Fekete. <\/strong>Debrecen Reformed Theological University, Debrecen, Hungary. <u><a href=\"https:\/\/drhe.hu\/tagok\/feketekaroly\/\">https:\/\/drhe.hu\/tagok\/feketekaroly\/<\/a><\/u><\/p>\n<p><strong>K\u00e1roly Lajos Flogny. <\/strong>J\u00e1nos Selye University, Kom\u00e1rno, Slovakia. <u><a href=\"https:\/\/www.ujs.sk\/hu\/alkalmazottak\/54-reformatus-teologiai-kar\/7127-mgr-karoly-lajos-flogny.html\">https:\/\/www.ujs.sk\/hu\/alkalmazottak\/54-reformatus-teologiai-kar\/7127-mgr-karoly-lajos-flogny.html<\/a><\/u><\/p>\n<p><strong>L\u00e1szl\u00f3 Fl\u00f3ri\u00e1n.<\/strong> politics, intellectual leisure activities, Slovak Republic<\/p>\n<p><strong>\u00c9va <\/strong><strong>Fritz Beke<\/strong>. Reformed Christian Church in Slovakia<\/p>\n<p><strong>Botond Ga\u00e1l<\/strong>.\u00a0\u00a0 Debrecen Reformed Theological University, Debrecen, Hungary <u><a href=\"https:\/\/doktori.hu\/index.php?menuid=192&amp;lang=HU&amp;sz_ID=4&amp;show=1\">https:\/\/doktori.hu\/index.php?menuid=192&amp;lang=HU&amp;sz_ID=4&amp;show=1<\/a><\/u><\/p>\n<p><strong>L\u00e1szl\u00f3 G\u00e1l. <\/strong>theolog, intellectual leisure activities, Hungary<\/p>\n<p><strong>Melinda M\u00e1tyus<\/strong>. Reformed Church in Romania<\/p>\n<p><strong>Krisztina G\u00e9czy (Pog\u00e1ny).<\/strong> Reformed Christian Church in Slovakia<\/p>\n<p><strong>Gijsbert van den Brink. <\/strong>Vrije Universiteit Amsterdam, Faculty of Religion and Theology, Nederlands <u><a href=\"https:\/\/research.vu.nl\/en\/persons\/gijsbert-van-den-brink\">https:\/\/research.vu.nl\/en\/persons\/gijsbert-van-den-brink<\/a><\/u><\/p>\n<p><strong>Zsolt G\u00f6r\u00f6zdi.<\/strong>\u00a0 J\u00e1nos Selye University, Kom\u00e1rno, Slovakia. Reformed Christian Church in Slovakia <u><a href=\"https:\/\/www.ujs.sk\/hu\/alkalmazottak\/54-reformatus-teologiai-kar\/5114-mgr-zsolt-goeroezdi-phd.html\">https:\/\/www.ujs.sk\/hu\/alkalmazottak\/54-reformatus-teologiai-kar\/5114-mgr-zsolt-goeroezdi-phd.html<\/a><\/u><\/p>\n<p><strong>Kriszti\u00e1n Gur\u00e1nyi. <\/strong>K\u00e1roli G\u00e1sp\u00e1s Reformed University<\/p>\n<p><strong>S\u00e1ndor Ha\u00e1sz. <\/strong>K\u00e1roli G\u00e1sp\u00e1s Reformed University <u><a href=\"https:\/\/geszk.kre.hu\/index.php\/haasz-sandor.html\">https:\/\/geszk.kre.hu\/index.php\/haasz-sandor.html<\/a><\/u><\/p>\n<p><strong>Szil\u00e1rd Haris.<\/strong>\u00a0\u00a0 Reformed Christian Church in Slovakia<\/p>\n<p><strong>Heleen Ed. Zorgdrager<\/strong>. Protestant Theological University, Faculty of Theology, Amsterdam, Nederlands <u><a href=\"https:\/\/www.pthu.nl\/over-pthu\/organisatie\/medewerkers\/h.e.zorgdrager\/\">https:\/\/www.pthu.nl\/over-pthu\/organisatie\/medewerkers\/h.e.zorgdrager\/<\/a><\/u><\/p>\n<p><strong>Henk van den Belt<\/strong>. Vrije Universiteit Amsterdam, Faculty of Religion and Theology, Nederlands <u><a href=\"https:\/\/research.vu.nl\/en\/persons\/henk-van-den-belt\">https:\/\/research.vu.nl\/en\/persons\/henk-van-den-belt<\/a><\/u><\/p>\n<p><strong>J\u00e1nos M. Herm\u00e1n<\/strong>. Protestant Theological Institute of Cluj-Napoca, Romania <u><a href=\"https:\/\/hermanmjanos.nl\/\">https:\/\/hermanmjanos.nl\/<\/a><\/u><\/p>\n<p><strong>Enik\u0151 Horny\u00e1k. <\/strong>Reformed Christian Church in Slovakia<\/p>\n<p><strong>P\u00e1l Husz\u00e1r.<\/strong> Reformed Church in Hungary<\/p>\n<p><strong>Ifj. Gy\u00f6rgy B\u00e1ndy. <\/strong>S\u00fakromn\u00e1 stredn\u00e1 odborn\u00e1 \u0161kola, \u0160amor\u00edn<\/p>\n<p><strong>Ibolya Isky<\/strong>. Reformed Christian Church in Slovakia<\/p>\n<p><strong>Johan Goud. <\/strong>Utrecht University, Humanities &#8211; Philosophy and Religious Studies Department, Nederlands <u><a href=\"https:\/\/www.uu.nl\/staff\/JFGoud\">https:\/\/www.uu.nl\/staff\/JFGoud<\/a><\/u><\/p>\n<p><strong>Bernhard Kaiser. <\/strong>Institute for Reformational Theology non-profit <u><a href=\"http:\/\/www.bernhard-kaiser.homepage.t-online.de\/impressum-kontakt\/index.php\">http:\/\/www.bernhard-kaiser.homepage.t-online.de\/impressum-kontakt\/index.php<\/a><\/u><\/p>\n<p><strong>Csaba K\u00e1lm\u00e1n.<\/strong> Reformed Church in Hungary<\/p>\n<p><strong>Istv\u00e1n Karasszon. <\/strong>J\u00e1nos Selye University, Kom\u00e1rno, Slovakia. K\u00e1roli G\u00e1sp\u00e1r University of the Reformed Church, Budapest <u><a href=\"https:\/\/www.ujs.sk\/hu\/alkalmazottak\/5084\">https:\/\/www.ujs.sk\/hu\/alkalmazottak\/5084<\/a><\/u><\/p>\n<p><strong>Jol\u00e1n Kiss.<\/strong> J\u00e1nos Selye University, Kom\u00e1rno, Slovakia. Reformed Christian Church in Slovakia <u><a href=\"https:\/\/www.ujs.sk\/hu\/alkalmazottak\/5111\">https:\/\/www.ujs.sk\/hu\/alkalmazottak\/5111<\/a><\/u><\/p>\n<p><strong>Viktor K\u00f3kai-Nagy.<\/strong> J\u00e1nos Selye University, Kom\u00e1rno, Slovakia. Debrecen Reformed Theological University, Debrecen <u><a href=\"https:\/\/www.ujs.sk\/hu\/alkalmazottak\/54-reformatus-teologiai-kar\/5744-dr-habil-viktor-kokai-nagy-phd.html\">https:\/\/www.ujs.sk\/hu\/alkalmazottak\/54-reformatus-teologiai-kar\/5744-dr-habil-viktor-kokai-nagy-phd.html<\/a><\/u><\/p>\n<p><strong>Vilmos J\u00f3zsef Kolumb\u00e1n. <\/strong>Protestant Theological Institute of Cluj-Napoca, Romania <u><a href=\"https:\/\/proteo.hu\/hu\/szemelyek\/oktatok\/kolumban\">https:\/\/proteo.hu\/hu\/szemelyek\/oktatok\/kolumban<\/a><\/u><\/p>\n<p><strong>Kov\u00e1cs \u00c1brah\u00e1m.<\/strong> J\u00e1nos Selye University, Kom\u00e1rno, Slovakia. Debrecen Reformed Theological University, Debrecen <u><a href=\"https:\/\/www.ujs.sk\/hu\/alkalmazottak\/54-reformatus-teologiai-kar\/6336-prof-abraham-kovacs-phd.html\">https:\/\/www.ujs.sk\/hu\/alkalmazottak\/54-reformatus-teologiai-kar\/6336-prof-abraham-kovacs-phd.html<\/a><\/u><\/p>\n<p><strong>Enik\u0151 Hajnalka Kov\u00e1cs. <\/strong>K\u00e1roli G\u00e1sp\u00e1r University of the Reformed Church, Budapest, Doctoral School of Theology, Hungary<\/p>\n<p><strong>Ibolya Kov\u00e1cs Smatarla.<\/strong> Reformed Church in Hungary<\/p>\n<p><strong>\u00c1rp\u00e1d Kulcs\u00e1r. <\/strong>Partium Christian University <u><a href=\"https:\/\/htt.partium.ro\/hu\/oktatok\/kulcsar-arpad-drs\">https:\/\/htt.partium.ro\/hu\/oktatok\/kulcsar-arpad-drs<\/a><\/u><\/p>\n<p><strong>Tibor Kusztos<\/strong>. Reformed Church in Hungary<\/p>\n<p><strong>Istv\u00e1n Langschadl.<\/strong> J\u00e1nos Selye University, Kom\u00e1rno, Slovakia. Reformed Christian Church in Slovakia<\/p>\n<p><strong>S\u00e1muel Lehotkai. <\/strong>Evangelical Community, Slovakia<\/p>\n<p><strong>Tibor L\u00e9n\u00e1rt.<\/strong> Reformed Church in Hungary<\/p>\n<p><strong>Lendvai L. Ferenc. <\/strong>University of Miskolc, Hungary <u><a href=\"http:\/\/filozofia.uni-miskolc.hu\/tanszek\/oktatoink\/prof-dr-lendvai-l-ferenc-emeritus-professzor\/prof-dr-lendvai-l-ferenc-szakmai-oneletrajz\/\">http:\/\/filozofia.uni-miskolc.hu\/tanszek\/oktatoink\/prof-dr-lendvai-l-ferenc-emeritus-professzor\/prof-dr-lendvai-l-ferenc-szakmai-oneletrajz\/<\/a><\/u><\/p>\n<p><strong>Lehel L\u00e9szai. <\/strong>Babe\u0219-Bolyai University, Department of Reformed Theology and Music, Cluj Napoca, Romania <u><a href=\"https:\/\/rt.ubbcluj.ro\/leszai-lehel\/\">https:\/\/rt.ubbcluj.ro\/leszai-lehel\/<\/a><\/u><\/p>\n<p><strong>Attila L\u00e9vai. <\/strong>J\u00e1nos Selye University, Kom\u00e1rno, Slovakia. Reformed Christian Church in Slovakia <u><a href=\"https:\/\/www.ujs.sk\/hu\/alkalmazottak\/54-reformatus-teologiai-kar\/5102-doc-thdr-attila-levai-phd.html\">https:\/\/www.ujs.sk\/hu\/alkalmazottak\/54-reformatus-teologiai-kar\/5102-doc-thdr-attila-levai-phd.html<\/a><\/u><\/p>\n<p><strong>Zolt\u00e1n Liter\u00e1ty. <\/strong>K\u00e1roli G\u00e1sp\u00e1r University of the Reformed Church, Budapest <u><a href=\"https:\/\/htk.kre.hu\/index.php\/dr-literaty-zoltan\">https:\/\/htk.kre.hu\/index.php\/dr-literaty-zoltan<\/a><\/u><\/p>\n<p><strong>Kriszti\u00e1n Lov\u00e1sz<\/strong>. Reformed Church in Hungary<\/p>\n<p><strong>Olga Luk\u00e1cs<\/strong>. Babe\u0219-Bolyai University, Department of Reformed Theology and Music, Cluj Napoca, Romania <u><a href=\"https:\/\/rt.ubbcluj.ro\/lukacs-olga\/\">https:\/\/rt.ubbcluj.ro\/lukacs-olga\/<\/a><\/u><\/p>\n<p><strong>Maarten J. Aalders. <\/strong>Vrije Universiteit Amsterdam \u00a0<u><a href=\"https:\/\/mjaalders.nl\/\">https:\/\/mjaalders.nl\/<\/a><\/u><\/p>\n<p><strong>J\u00e1nos Moln\u00e1r. <\/strong>\u2020 J\u00e1nos Selye University, Kom\u00e1rno, Slovakia. Reformed Christian Church in Slovakia<\/p>\n<p><strong>Lehel Moln\u00e1r.<\/strong>\u00a0 Protestant Theological Institute of Cluj-Napoca<\/p>\n<p><strong>\u00c1rp\u00e1d M\u00f3ricz<\/strong>. Reformed Church in Serbia<\/p>\n<p><strong>Krisztina Nagy. <\/strong>Reformed Church in Hungary<\/p>\n<p><strong>L\u00e1szl\u00f3 Nagy. <\/strong>Reformed Church in Hungary<\/p>\n<p><strong>Csaba Nemes. <\/strong>Reformed Church in Hungary<\/p>\n<p><strong>Oliver Page. <\/strong>Reformed Church in Germany<\/p>\n<p><strong>J\u00f3zsef P\u00e1lfi. <\/strong>Partium Christian University, Department of Human and Social Sciences, Oradea, Romania <u><a href=\"https:\/\/htt.partium.ro\/hu\/oktatok\/palfi-jozsef-dr-theol\">https:\/\/htt.partium.ro\/hu\/oktatok\/palfi-jozsef-dr-theol<\/a><\/u><\/p>\n<p><strong>\u00c1gnes P\u00e1ngy\u00e1nszky. <\/strong>Evangelical Theological University <u><a href=\"https:\/\/doktori.hu\/index.php?menuid=192&amp;lang=HU&amp;sz_ID=31980\">https:\/\/doktori.hu\/index.php?menuid=192&amp;lang=HU&amp;sz_ID=31980<\/a><\/u><\/p>\n<p><strong>Ferenc Pap. <\/strong>K\u00e1roli G\u00e1sp\u00e1r University of the Reformed Church, Budapest <u><a href=\"https:\/\/htk.kre.hu\/index.php\/dr-pap-ferenc\">https:\/\/htk.kre.hu\/index.php\/dr-pap-ferenc<\/a><\/u><\/p>\n<p><strong>Gy\u00f6rgy Papp.<\/strong> Protestant Theological Institute of Cluj-Napoca<\/p>\n<p><strong>Istv\u00e1n P\u00e1sztori Kup\u00e1n. <\/strong>J\u00e1nos Selye University, Kom\u00e1rno, Slovakia. <u><a href=\"https:\/\/www.ujs.sk\/hu\/alkalmazottak\/54-reformatus-teologiai-kar\/6827-prof-istvan-pasztori-kupan-phd.html\">https:\/\/www.ujs.sk\/hu\/alkalmazottak\/54-reformatus-teologiai-kar\/6827-prof-istvan-pasztori-kupan-phd.html<\/a><\/u><\/p>\n<p><strong>Attila Pethe\u0151. <\/strong>J\u00e1nos Selye University, Kom\u00e1rno, Slovakia <u><a href=\"https:\/\/www.ujs.sk\/hu\/alkalmazottak\/54-reformatus-teologiai-kar\/6169-paeddr-attila-petheo-phd.html\">https:\/\/www.ujs.sk\/hu\/alkalmazottak\/54-reformatus-teologiai-kar\/6169-paeddr-attila-petheo-phd.html<\/a><\/u><\/p>\n<p><strong>\u00a0D\u00e1niel G\u00e1bor <\/strong><strong>P\u00e9ntek<\/strong><strong>. <\/strong>K\u00e1roli G\u00e1sp\u00e1r University of the Reformed Church, Budapest.\u00a0<a href=\"https:\/\/htk.kre.hu\/index.php\/pentek-daniel-gabor\">https:\/\/htk.kre.hu\/index.php\/pentek-daniel-gabor<\/a><\/p>\n<p><strong>Petr Pokorn\u00fd. \u2020 <\/strong>Charles University, Protestant Theological Faculty, Prague, Czech Republic<\/p>\n<p><strong>Katalin P\u00f3lya.<\/strong>\u00a0 J\u00e1nos Selye University, Kom\u00e1rno, Slovakia. Reformed Christian Church in Slovakia <u><a href=\"https:\/\/www.ujs.sk\/hu\/alkalmazottak\/5099\">https:\/\/www.ujs.sk\/hu\/alkalmazottak\/5099<\/a><\/u><\/p>\n<p><strong>Mikl\u00f3s Pospi\u0161il. <\/strong>Reformed Christian Church in Slovakia<\/p>\n<p><strong>L\u00f3r\u00e1nt R\u00e1kos<\/strong>. Reformed Christian Church in Slovakia<\/p>\n<p><strong>Mih\u00e1ly Riszovannij<\/strong>. University of Salzburg, Center of Jewish Cultural History, Austria <u><a href=\"https:\/\/uni-salzburg.elsevierpure.com\/en\/persons\/mihaly-riszovannij-5\">https:\/\/uni-salzburg.elsevierpure.com\/en\/persons\/mihaly-riszovannij-5<\/a><\/u><\/p>\n<p><strong>R\u00f3bert P\u00e9ter. <\/strong><\/p>\n<p><strong>Zolt\u00e1n Ruzsa-Nagy<\/strong>. Reformed Church in Hungary<\/p>\n<p><strong>J\u00e1nos Seb\u0151k. <\/strong>Reformed Christian Church in Slovakia<\/p>\n<p><strong>Seppo Juhani Sinerv\u00e4.<\/strong><\/p>\n<p><strong>Bal\u00e1zs Siba. <\/strong>K\u00e1roli G\u00e1sp\u00e1r University of the Reformed Church in Hungary, Department of Religion Education and Pastoral-psychology, Hungary <u><a href=\"https:\/\/htk.kre.hu\/index.php\/dr-siba-balazs\">https:\/\/htk.kre.hu\/index.php\/dr-siba-balazs<\/a><\/u><\/p>\n<p><strong>Alfr\u00e9d Somogyi. <\/strong>J\u00e1nos Selye University, Kom\u00e1rno, Slovakia. Reformed Christian Church in Slovakia <u><a href=\"https:\/\/www.ujs.sk\/hu\/alkalmazottak\/5105\">https:\/\/www.ujs.sk\/hu\/alkalmazottak\/5105<\/a><\/u><\/p>\n<p><strong>Sungkon Park. <\/strong>Reformed Christian Church in Slovakia<\/p>\n<p><strong>Beatrix Szab\u00f3. <\/strong>Reformed Church in Hungary<\/p>\n<p><strong>El\u0151d Szab\u00f3.<\/strong> Reformed Church in Hungary<\/p>\n<p><strong>Istv\u00e1n Szab\u00f3. <\/strong>Reformed Church in Hungary<\/p>\n<p><strong>J\u00e1nos Bence <\/strong><strong>Szab\u00f3\u00a0<\/strong>. Debrecen University of Reformed Theology.\u00a0<a href=\"https:\/\/doktori.hu\/doktori-kepzes\/szemelyek\/51607\/\">https:\/\/doktori.hu\/doktori-kepzes\/szemelyek\/51607\/<\/a><\/p>\n<p><strong>Zsolt Szab\u00f3. <\/strong>Reformed Church in Hungary<\/p>\n<p><strong>Mrs Ibolya Nagy Szamborovszkin. <\/strong>Ferenc R\u00e1k\u00f3czi II Transcarpathian Hungarian College <u><a href=\"https:\/\/kmf.uz.ua\/hu\/staff\/szamborovszkyne-nagy-ibolya\/\">https:\/\/kmf.uz.ua\/hu\/staff\/szamborovszkyne-nagy-ibolya\/<\/a><\/u><\/p>\n<p><strong>L\u00e1szl\u00f3 Szarvas.<\/strong> Reformed Christian Church in Slovakia<\/p>\n<p><strong>Lajos Sz\u00e1sz<\/strong>. Reformed Church in Hungary<\/p>\n<p><strong>Oliver Szebeni.<\/strong> Baptist Church of Hungary<\/p>\n<p><strong>Lilla Sz\u00e9n\u00e1si<\/strong>.\u00a0\u00a0 J\u00e1nos Selye University, Kom\u00e1rno, Slovakia. Reformed Christian Church in Slovakia <u><a href=\"https:\/\/www.ujs.sk\/hu\/alkalmazottak\/54-reformatus-teologiai-kar\/6117-thdr-lilla-szenasi-phd.html\">https:\/\/www.ujs.sk\/hu\/alkalmazottak\/54-reformatus-teologiai-kar\/6117-thdr-lilla-szenasi-phd.html<\/a><\/u><\/p>\n<p><strong>Szil\u00e1rd Sz\u00e9n\u00e1si. <\/strong>Reformed Christian Church in Slovakia<\/p>\n<p><strong>D\u00e9nes Szil\u00e1gyi.<\/strong> Reformed Church in Hungary<\/p>\n<p><strong>Gabriella Szil\u00e1gyi S\u00e1ndor<\/strong>. Reformed Church in Hungary<\/p>\n<p><strong>Klaudia Tak\u00e1cs.<\/strong> Reformed Christian Church in Slovakia<\/p>\n<p><strong>Peter Tan\u00edt\u00f3.<\/strong> Reformed Christian Church in Slovakia<\/p>\n<p><strong>M\u00e1rta D\u00f3ra <\/strong><strong>T\u00f3th\u00a0<\/strong><strong>. <\/strong>K\u00e1roli G\u00e1sp\u00e1r University of the Reformed Church, Budapest, Doctoral School of Theology, Hungary<\/p>\n<p><strong>Ferenc T\u00f6m\u00f6sk\u00f6zi. <\/strong>J\u00e1nos Selye University, Kom\u00e1rno, Slovakia. <u><a href=\"https:\/\/www.ujs.sk\/hu\/alkalmazottak\/5768\">https:\/\/www.ujs.sk\/hu\/alkalmazottak\/5768<\/a><\/u><\/p>\n<p><strong>Uwe Martin Schmidt. \u2020 <\/strong>Reformed Christian Church in Slovakia<\/p>\n<p><strong>B\u00e9la V\u00e1mos<\/strong>. J\u00e1nos Selye University, Kom\u00e1rno, Slovakia. Reformed Christian Church in Slovakia<\/p>\n<p><strong>\u00c1kos V\u00e1radi. <\/strong>Reformed Church in Hungary<\/p>\n<p><strong>Varga Bal\u00e1zs. <\/strong>Reformed Christian Church in Slovakia<\/p>\n<p><strong>Wolter H. Rose. <\/strong>Theological University Kampen, Netherlands <u><a href=\"https:\/\/en.tukampen.nl\/about-us\/staff-members\/rose-dr-w-h-wolter\/\">https:\/\/en.tukampen.nl\/about-us\/staff-members\/rose-dr-w-h-wolter\/<\/a><\/u><\/p>\n","protected":false},"excerpt":{"rendered":"<p>&nbsp; Andr\u00e1s Albert. Reformed Church in Hungary J\u00e1nos Antal. Reformed Church in Romania D\u00e1vid Balogh. K\u00e1roli G\u00e1sp\u00e1s Reformed University https:\/\/pk.kre.hu\/index.php\/balogh-david Gy\u00f6rgy B\u00e1ndy. Evanjelick\u00e1 bohosloveck\u00e1 fakulta Univerzity Komensk\u00e9ho,&#8230; <\/p>\n","protected":false},"author":3,"featured_media":0,"parent":0,"menu_order":0,"comment_status":"closed","ping_status":"closed","template":"","meta":{"footnotes":""},"class_list":["post-1722","page","type-page","status-publish","hentry"],"_links":{"self":[{"href":"https:\/\/teologiaiforum.ujs.sk\/en\/wp-json\/wp\/v2\/pages\/1722","targetHints":{"allow":["GET"]}}],"collection":[{"href":"https:\/\/teologiaiforum.ujs.sk\/en\/wp-json\/wp\/v2\/pages"}],"about":[{"href":"https:\/\/teologiaiforum.ujs.sk\/en\/wp-json\/wp\/v2\/types\/page"}],"author":[{"embeddable":true,"href":"https:\/\/teologiaiforum.ujs.sk\/en\/wp-json\/wp\/v2\/users\/3"}],"replies":[{"embeddable":true,"href":"https:\/\/teologiaiforum.ujs.sk\/en\/wp-json\/wp\/v2\/comments?post=1722"}],"version-history":[{"count":10,"href":"https:\/\/teologiaiforum.ujs.sk\/en\/wp-json\/wp\/v2\/pages\/1722\/revisions"}],"predecessor-version":[{"id":2760,"href":"https:\/\/teologiaiforum.ujs.sk\/en\/wp-json\/wp\/v2\/pages\/1722\/revisions\/2760"}],"wp:attachment":[{"href":"https:\/\/teologiaiforum.ujs.sk\/en\/wp-json\/wp\/v2\/media?parent=1722"}],"curies":[{"name":"wp","href":"https:\/\/api.w.org\/{rel}","templated":true}]}}