{"id":1721,"date":"2022-12-13T08:53:48","date_gmt":"2022-12-13T08:53:48","guid":{"rendered":"http:\/\/teologiaiforum.ujs.sk\/szerkesztoseg-editorial-team\/"},"modified":"2025-10-07T14:08:24","modified_gmt":"2025-10-07T14:08:24","slug":"szerkesztoseg-editorial-team","status":"publish","type":"page","link":"https:\/\/teologiaiforum.ujs.sk\/en\/szerkesztoseg-editorial-team\/","title":{"rendered":"Editorial Office"},"content":{"rendered":"<h2 class=\"entry-header\"><strong>Contact<\/strong><\/h2>\n<h4 class=\"entry-header\"><strong>Bratislavsk\u00e1 cesta 3322, 945 01, Kom\u00e1rno<\/strong><\/h4>\n<h4 class=\"entry-header\"><strong>P.O. Box 54, Kom\u00e1rno, 945 01, Kom\u00e1rno<\/strong><\/h4>\n<h4 class=\"entry-header\"><strong>Mail:\u00a0teologiaiforum@ujs.sk; rtk@ujs.sk , tel.: +421 35 32 60 656<\/strong><\/h4>\n<h4><b>Registration No.<\/b>: EV 5618\/18<br \/>\nISSN 1337\/6519<\/h4>\n<header><\/header>\n<header><\/header>\n<header><\/header>\n<header><\/header>\n<h4 class=\"entry-header\"><em><strong>Responsible Editor\/Editor-in-Chief: <\/strong><\/em><strong>Doc.<\/strong> <strong>ThDr. Alfr\u00e9d Somogyi, PhD., Faculty of Reformed Theology, Selye J\u00e1nos University, Kom\u00e1rno. <\/strong><strong>\u00a0<a href=\"https:\/\/www.ujs.sk\/hu\/alkalmazottak\/54-reformatus-teologiai-kar\/5105-thdr-alfred-somogyi-phd.html\">https:\/\/www.ujs.sk\/hu\/alkalmazottak\/54-reformatus-teologiai-kar\/5105-thdr-alfred-somogyi-phd.html<\/a><\/strong><\/h4>\n<h4 class=\"entry-header\"><strong><em>Chairman of the Editorial Board<\/em>:\u00a0<\/strong><strong>Doc.\u00a0<\/strong><strong>ThDr <\/strong><strong>Attila L\u00e9vai, PhD, Director of CJTA; Deputy Dean of the Faculty of Reformed Theology, Selye J\u00e1nos University, Kom\u00e1rno<\/strong>. Mail: <a href=\"mailto:levaia@ujs.sk\">levaia@ujs.sk<\/a>, tel.: +421 35 32 60 657 <a href=\"https:\/\/www.ujs.sk\/hu\/alkalmazottak\/54-reformatus-teologiai-kar\/5102-mgr-attila-levai-phd.html\">https:\/\/www.ujs.sk\/hu\/alkalmazottak\/54-reformatus-teologiai-kar\/5102-mgr-attila-levai-phd.html<\/a><\/h4>\n<h2>Editorial board<\/h2>\n<p><strong>Doc.<\/strong> <strong>ThDr. Alfr\u00e9d Somogyi, PhD.<\/strong>, Selye J\u00e1nos University, Faculty of Reformed Theology, Kom\u00e1rom. Mail: somogyia@ujs.sk, tel.: +421 35 32 60 656 <a href=\"https:\/\/www.ujs.sk\/hu\/alkalmazottak\/54-reformatus-teologiai-kar\/5105-thdr-alfred-somogyi-phd.html\">https:\/\/www.ujs.sk\/hu\/alkalmazottak\/54-reformatus-teologiai-kar\/5105-thdr-alfred-somogyi-phd.html<\/a><\/p>\n<p><strong>Prof. Gy\u00f6rgy B\u00e1ndy<\/strong>. Katedra Starej zmluvy, Evanjelick\u00e1 bohosloveck\u00e1 fakulta UK. <a href=\"https:\/\/www.osobnosti.sk\/osobnost\/juraj-bandy-757\">https:\/\/www.osobnosti.sk\/osobnost\/juraj-bandy-757<\/a><\/p>\n<p><strong>Mgr.<\/strong> <strong>Zsolt Czinke, PhD.<\/strong> Secretary of CJTA, Chief Librarian. E-mail: <a href=\"mailto:czinke@refteologia.sk\">czinke@refteologia.sk<\/a>, Mobile: 00421\/(0)905\/866-076<\/p>\n<p><strong>Mgr.<\/strong> <strong>Zsolt G\u00f6r\u00f6zdi, PhD.<\/strong> Head of Department, Selye J\u00e1nos University, Faculty of Reformed Theology, Kom\u00e1rom. Mail: gorozdiz@ujs.sk. Tel.: +421 35 32 60 656 <a href=\"https:\/\/www.ujs.sk\/hu\/alkalmazottak\/54-reformatus-teologiai-kar\/5114-mgr-zsolt-goeroezdi-phd.html\">https:\/\/www.ujs.sk\/hu\/alkalmazottak\/54-reformatus-teologiai-kar\/5114-mgr-zsolt-goeroezdi-phd.html<\/a><\/p>\n<p><strong>Mgr.<\/strong> <strong>Katalin P\u00f3lya, PhD.<\/strong> Reformed Christian Church of Slovakia<\/p>\n<p><strong>ThDr. Lilla Sz\u00e9n\u00e1si, PhD.<\/strong> Deputy Dean of the Faculty of Reformed Theology, Selye J\u00e1nos University, Department of Applied Sciences. <a href=\"mailto:szenasil@ujs.sk\">szenasil@ujs.sk<\/a> <a href=\"https:\/\/www.ujs.sk\/hu\/alkalmazottak\/54-reformatus-teologiai-kar\/6117-thdr-lilla-szenasi-phd.html\">https:\/\/www.ujs.sk\/hu\/alkalmazottak\/54-reformatus-teologiai-kar\/6117-thdr-lilla-szenasi-phd.html<\/a><\/p>\n<h2>Scientific Editorial Board<\/h2>\n<p><em><strong>President:<\/strong><\/em><\/p>\n<p><strong>Doc.<\/strong> <strong>Attila L\u00e9vai, PhD<\/strong>. Mail: <a href=\"mailto:levaia@ujs.sk\">levaia@ujs.sk<\/a>, tel.: +421 35 32 60 657 <a href=\"https:\/\/www.ujs.sk\/hu\/alkalmazottak\/54-reformatus-teologiai-kar\/5102-mgr-attila-levai-phd.html\">https:\/\/www.ujs.sk\/hu\/alkalmazottak\/54-reformatus-teologiai-kar\/5102-mgr-attila-levai-phd.html<\/a><\/p>\n<p><em><strong>Members:<\/strong><\/em><\/p>\n<p><strong>Dr. Istv\u00e1n Czachesz.<\/strong> The Arctic University of Norway, Department of Archaeology, History, Religious Studies and Theology <a href=\"https:\/\/en.uit.no\/ansatte\/person?p_document_id=494147\">https:\/\/en.uit.no\/ansatte\/person?p_document_id=494147<\/a> <a href=\"mailto:istvan.czachesz@uit.no\">istvan.czachesz@uit.no<\/a><u>+47 77 64 67 60<\/u><\/p>\n<p><strong>Dr. Andr\u00e1s D\u00f6b\u00f6r.<\/strong> Juh\u00e1sz Gyula University of Szeged, Faculty of Pedagogy. Dean, Dean, Associate Professor Institute of Vocational Education, Adult Education and Knowledge Management. Phone: +3662546248. E-mail: dobor@jgypk.szte.hu. <a href=\"http:\/\/www.jgypk.u-szeged.hu\/kutatas\/tudomanyos-eletrajzok\/dobor-andras-dr\">http:\/\/www.jgypk.u-szeged.hu\/kutatas\/tudomanyos-eletrajzok\/dobor-andras-dr<\/a><\/p>\n<p><strong>Prof. Matthew Daniel Eddy.<\/strong> <strong>Durham University, United Kingdom. <\/strong>Professor \/ Chair in the History and Philosophy of Science Co-Director \/ Institute of Medieval and Early Modern Studies. <a href=\"https:\/\/www.durham.ac.uk\/staff\/m-d-eddy\/\">https:\/\/www.durham.ac.uk\/staff\/m-d-eddy\/<\/a><\/p>\n<p><strong>Berhard Kaiser Dr. habil, D.Th.<\/strong> Institute for Reformation Theology, Reiskirchen, Germany. e-mail: info@irt-ggmbh.de, phone\/fax: 06408-965040, mobile D: +49-(0)170-9005309, mobile SK: +421-(0)904-307112 <a href=\"https:\/\/www.irt-ggmbh.de\/?ngt=w7e2c0a0e2b0eea61302712334611817\">https:\/\/www.irt-ggmbh.de\/?ngt=w7e2c0a0e2b0eea61302712334611817<\/a><\/p>\n<p><strong>Prof. ThDr. Istv\u00e1n Karasszon.<\/strong> Head of Department, Selye J\u00e1nos University, Faculty of Reformed Theology, Kom\u00e1rom<strong>.<\/strong> Mail: karasszoni@ujs.sk. Tel.: +421 35 32 60 656 <a href=\"https:\/\/www.ujs.sk\/hu\/alkalmazottak\/54-reformatus-teologiai-kar\/5084-prof-thdr-istvan-karasszon-phd.html\">https:\/\/www.ujs.sk\/hu\/alkalmazottak\/54-reformatus-teologiai-kar\/5084-prof-thdr-istvan-karasszon-phd.html<\/a><\/p>\n<p><strong>Prof. Dr. Vilmos J\u00f3zsef Kolumb\u00e1n.<\/strong> <strong>PhD<\/strong>. Protestant Theological Institute of Cluj-Napoca. Mail: vkolumban@proteo.cj.edu.ro, tel(m): +4(0)744581289 <a href=\"https:\/\/proteo.cj.edu.ro\/hu\/szemelyek\/oktatok\/kolumban\/cv\">https:\/\/proteo.cj.edu.ro\/hu\/szemelyek\/oktatok\/kolumban\/cv<\/a><\/p>\n<p><strong>Prof. Dr. habil.<\/strong> <strong>\u00c1brah\u00e1m Kov\u00e1cs, PhD.<\/strong> Debrecen Reformed Theological University, Debrecen. Mail: <a href=\"mailto:kovacs.abraham@drhe.hu\">kovacs.abraham@drhe.hu<\/a>, tel.: +36 52 518573 <a href=\"https:\/\/www.drhe.hu\/hu\/users\/dr-kovacs-abraham\">https:\/\/www.drhe.hu\/hu\/users\/dr-kovacs-abraham<\/a><\/p>\n<p><strong>Dr. h. c. prof.<\/strong> <strong>PhDr. Peter K\u00f3nya, PhD<\/strong>. Filozofick\u00e1 fakulta Pre\u0161ovskej univerzity v Pre\u0161ove. <a href=\"mailto:peter.konya@unipo.sk\">peter.<\/a> konya@unipo.sk phone: +421 51 75 63 101, +421 51 75 63 112.<\/p>\n<p><strong>Prof. Doc.<\/strong> <strong>Olga Luk\u00e1cs, PhD.<\/strong> Babe\u0219-Bolyai University, Faculty of Reformed Teacher Training, Cluj-Napoca. Mail. lukacso@yahoo.de <a href=\"https:\/\/rt.ubbcluj.ro\/lukacs-olga\/\">https:\/\/rt.ubbcluj.ro\/lukacs-olga\/<\/a><\/p>\n<p><strong>Prof. Doc.<\/strong> <strong>Dr. Theol.<\/strong> <strong>J\u00f3zsef P\u00e1lfi, PhD<\/strong>. Mail: palfi.jozsef@partium.ro <a href=\"https:\/\/htt.partium.ro\/hu\/oktatok\/palfi-jozsef-dr-theol\">https:\/\/htt.partium.ro\/hu\/oktatok\/palfi-jozsef-dr-theol<\/a><\/p>\n<p><strong>PaedDr. Pethe\u0151 Attila, PhD.<\/strong> Selye J\u00e1nos University, Faculty of Reformed Theology, Kom\u00e1rno <a href=\"https:\/\/www.ujs.sk\/hu\/alkalmazottak\/6169\">https:\/\/www.ujs.sk\/hu\/alkalmazottak\/6169<\/a><\/p>\n<p><strong>Prof. Dr Jerry Pillay.<\/strong> Dean of the Faculty of Theology and Religion at the University of Pretoria, South Africa.<\/p>\n<p><strong>Prof. Dr. Scott Spurlock.<\/strong> University of Glasgow, Scotland. Professor of Scottish and Early Modern Christianities (Theology &amp; Religious Studies) telephone: 4990, email: Scott.Spurlock@glasgow.ac.uk <a href=\"https:\/\/www.gla.ac.uk\/schools\/critical\/staff\/scottspurlock\/\">https:\/\/www.gla.ac.uk\/schools\/critical\/staff\/scottspurlock\/<\/a><\/p>\n<p><strong>Mgr. T\u00f6m\u00f6sk\u00f6zi Ferenc, PhD.<\/strong> Selye J\u00e1nos University, Faculty of Reformed Theology, Kom\u00e1rno <a href=\"https:\/\/www.ujs.sk\/hu\/alkalmazottak\/5768\">https:\/\/www.ujs.sk\/hu\/alkalmazottak\/5768<\/a><\/p>\n<p><strong>Prof. Won-Mo Shu<\/strong>. Professor of Historical Theology, Presbyterian University and Theological Seminary, South Korea. Email: <a href=\"http:\/\/www.puts.ac.kr\/www\/main\/eng\/_Sub\/sub-04-01.asp\">wonmosuh\uff20puts.ac.kr http:\/\/globalnetresearch.org\/team\/prof-won-mo-suh\/ http:\/\/www.puts<\/a> <a href=\"http:\/\/www.puts.ac.kr\/www\/main\/eng\/_Sub\/sub-04-01.asp\">.ac.kr\/www\/main\/eng\/_Sub\/sub-04-01.asp<\/a><\/p>\n<p>&nbsp;<\/p>\n","protected":false},"excerpt":{"rendered":"<p>Contact Bratislavsk\u00e1 cesta 3322, 945 01, Kom\u00e1rno P.O. Box 54, Kom\u00e1rno, 945 01, Kom\u00e1rno Mail:\u00a0teologiaiforum@ujs.sk; rtk@ujs.sk , tel.: +421 35 32 60 656 Registration No.: EV 5618\/18&#8230; <\/p>\n","protected":false},"author":3,"featured_media":0,"parent":0,"menu_order":0,"comment_status":"closed","ping_status":"closed","template":"","meta":{"footnotes":""},"class_list":["post-1721","page","type-page","status-publish","hentry"],"_links":{"self":[{"href":"https:\/\/teologiaiforum.ujs.sk\/en\/wp-json\/wp\/v2\/pages\/1721","targetHints":{"allow":["GET"]}}],"collection":[{"href":"https:\/\/teologiaiforum.ujs.sk\/en\/wp-json\/wp\/v2\/pages"}],"about":[{"href":"https:\/\/teologiaiforum.ujs.sk\/en\/wp-json\/wp\/v2\/types\/page"}],"author":[{"embeddable":true,"href":"https:\/\/teologiaiforum.ujs.sk\/en\/wp-json\/wp\/v2\/users\/3"}],"replies":[{"embeddable":true,"href":"https:\/\/teologiaiforum.ujs.sk\/en\/wp-json\/wp\/v2\/comments?post=1721"}],"version-history":[{"count":21,"href":"https:\/\/teologiaiforum.ujs.sk\/en\/wp-json\/wp\/v2\/pages\/1721\/revisions"}],"predecessor-version":[{"id":2647,"href":"https:\/\/teologiaiforum.ujs.sk\/en\/wp-json\/wp\/v2\/pages\/1721\/revisions\/2647"}],"wp:attachment":[{"href":"https:\/\/teologiaiforum.ujs.sk\/en\/wp-json\/wp\/v2\/media?parent=1721"}],"curies":[{"name":"wp","href":"https:\/\/api.w.org\/{rel}","templated":true}]}}